{"id":31,"date":"2021-07-24T10:51:08","date_gmt":"2021-07-24T08:51:08","guid":{"rendered":"http:\/\/woodimex.eu\/?page_id=31"},"modified":"2022-06-16T18:43:56","modified_gmt":"2022-06-16T16:43:56","slug":"datenschutzerklaerung","status":"publish","type":"page","link":"http:\/\/woodimex.eu\/da\/datenschutzerklaerung\/","title":{"rendered":"Privatlivspolitik"},"content":{"rendered":"<h1>PRIVATLIVSPOLITIK<\/h1>\n<p>N\u00e5r du bes\u00f8ger vores website indsamles der oplysninger om dig, som bruges til at tilpasse og forbedre vores indhold og til at \u00f8ge v\u00e6rdien af de annoncer, der vises p\u00e5 siden. Hvis du ikke \u00f8nsker, at der indsamles oplysninger, b\u00f8r du slette dine cookies og undlade videre brug af<br \/>\nwebsitet.<\/p>\n<h2>Form\u00e5l<\/h2>\n<p>Oplysningerne bruges til at identificere dig som bruger og vise dig de annoncer, som vil have st\u00f8rst sandsynlighed for at v\u00e6re relevante for dig, at registrere dine k\u00f8b og betalinger, samt at kunne levere de services, du har efterspurgt, som f.eks. at fremsende et nyhedsbrev. Herudover<br \/>\nanvender vi oplysningerne til at optimere vores services og indhold.<\/p>\n<h2>Cookies<\/h2>\n<p>Websitet anvender \u201dcookies\u201d, dette er en tekstfil, som gemmes p\u00e5 din enhed, med det form\u00e5l at genkende den, huske indstillinger, udf\u00f8re statistik og m\u00e5lrette annoncer. Cookies kan ikke indeholde skadelig kode som f.eks. virus. Det er muligt at slette eller blokere for cookies. Se<br \/>\nvejledning: http:\/\/minecookies.org\/cookiehandtering<\/p>\n<p>Hvis du sletter eller blokerer cookies vil annoncer kunne blive mindre relevante for dig og optr\u00e6de hyppigere. Du kan desuden risikere at websitet ikke fungerer optimalt samt at der er indhold, du ikke kan f\u00e5 adgang til. Websitet indeholder cookies fra tredjeparter, der i varierende omfang kan omfatte: Google, Facebook, Vimeo, You Tube<\/p>\n<h2>Personoplysninger<\/h2>\n<p>Personoplysninger er alle slags informationer, der i et eller andet omfang kan henf\u00f8res til dig. N\u00e5r du benytter vores website indsamler og behandler vi en r\u00e6kke s\u00e5danne informationer. Det sker f.eks. ved alm. tilgang af indhold, hvis du tilmelder dig vores nyhedsbrev, deltager i konkurrencer eller unders\u00f8gelser, registrerer dig som bruger eller abonnent, \u00f8vrig brug af services eller foretager k\u00f8b via websitet.<\/p>\n<p>Vi indsamler og behandler typisk f\u00f8lgende typer af oplysninger: Et unikt ID og tekniske oplysninger om din computer, tablet eller mobiltelefon, dit IP-nummer, geografisk placering, samt hvilke sider du klikker p\u00e5 (interesser). I det omfang du selv giver eksplicit samtykke hertil og selv indtaster informationerne behandles desuden: Navn, telefonnummer, e-mail, adresse og betalingsoplysninger. Det vil typisk v\u00e6re i forbindelse med oprettelse af login eller ved k\u00f8b.<\/p>\n<h2><span id=\"page14R_mcid0\" class=\"markedContent\"><span dir=\"ltr\" role=\"presentation\">Sikkerhed<\/span><\/span><\/h2>\n<p><span id=\"page14R_mcid1\" class=\"markedContent\"><span dir=\"ltr\" role=\"presentation\">Vi har truffet tekniske og organisatoriske foranstaltninger mod, at dine oplysninger h\u00e6ndeligt eller <\/span><span dir=\"ltr\" role=\"presentation\">ulovligt bliver slettet, offentliggjort, fortabt, forringet eller kommer til uvedkommendes kendskab, <\/span><span dir=\"ltr\" role=\"presentation\">misbruges eller i \u00f8vrigt behandles i strid med lovgivningen.<\/span><\/span><\/p>\n<h2><span id=\"page14R_mcid2\" class=\"markedContent\"><span dir=\"ltr\" role=\"presentation\">Form\u00e5l<\/span><\/span><\/h2>\n<p><span id=\"page14R_mcid2\" class=\"markedContent\"><span dir=\"ltr\" role=\"presentation\">Oplysningerne bruges til at identificere dig som bruger og vise dig de annoncer, som vil have st\u00f8rst <\/span><span dir=\"ltr\" role=\"presentation\">sandsynlighed for at v\u00e6re relevante for dig, at registrere dine k\u00f8b og betalinger, samt at kunne <\/span><span dir=\"ltr\" role=\"presentation\">levere de services, du har efterspurgt, som f.eks. at fremsende et nyhedsbrev. Herudover <\/span><span dir=\"ltr\" role=\"presentation\">anvender vi oplysningerne til at optimere vores services og indhold.<\/span><\/span><\/p>\n<h2><span id=\"page14R_mcid3\" class=\"markedContent\"><span dir=\"ltr\" role=\"presentation\">Periode for opbevaring<\/span><\/span><\/h2>\n<p><span id=\"page14R_mcid4\" class=\"markedContent\"><span dir=\"ltr\" role=\"presentation\">Oplysningerne opbevares i det tidsrum, der er tilladt i henhold til lovgivningen, og vi sletter dem, <\/span><span dir=\"ltr\" role=\"presentation\">n\u00e5r de ikke l\u00e6ngere er n\u00f8dvendige. Perioden afh\u00e6nger af karakteren af oplysningen og <\/span><span dir=\"ltr\" role=\"presentation\">baggrunden for opbevaring. Det er derfor ikke muligt at angive en generel tidsramme for, hvorn\u00e5r <\/span><span dir=\"ltr\" role=\"presentation\">informationer slettes.<\/span><\/span><\/p>\n<h2><span id=\"page14R_mcid5\" class=\"markedContent\"><span dir=\"ltr\" role=\"presentation\">Videregivelse af oplysninger<\/span><\/span><\/h2>\n<p><span id=\"page14R_mcid6\" class=\"markedContent\"><span dir=\"ltr\" role=\"presentation\">Data om din brug af vores website, hvilke annoncer, du modtager og evt. klikker p\u00e5, geografisk <\/span><span dir=\"ltr\" role=\"presentation\">placering, k\u00f8n og alderssegment m.v. videregives til tredjeparter i det omfang disse oplysninger er <\/span><span dir=\"ltr\" role=\"presentation\">kendt. Du kan se hvilke tredjeparter, der er tale om, i afsnittet om \u201dcookies\u201d ovenfor. <\/span><span dir=\"ltr\" role=\"presentation\">Oplysningerne anvendes til m\u00e5lretning af annoncering.<\/span><\/span><\/p>\n<p><span id=\"page14R_mcid7\" class=\"markedContent\"><span dir=\"ltr\" role=\"presentation\">Vi benytter herudover en r\u00e6kke tredjeparter til opbevaring og behandling af data. Disse behandler <\/span><span dir=\"ltr\" role=\"presentation\">udelukkende oplysninger p\u00e5 vores vegne og m\u00e5 ikke anvende dem til egne form\u00e5l. <\/span><\/span><span id=\"page14R_mcid8\" class=\"markedContent\"><span dir=\"ltr\" role=\"presentation\">Videregivelse af personoplysninger som navn og e-mail m.v. vil kun ske, hvis du giver samtykke til <\/span><span dir=\"ltr\" role=\"presentation\">det. Vi anvender kun databehandlere i EU eller i lande, der kan give dine oplysninger en <\/span><span dir=\"ltr\" role=\"presentation\">tilstr\u00e6kkelig beskyttelse.<\/span><\/span><\/p>\n<h2><span id=\"page14R_mcid9\" class=\"markedContent\"><span dir=\"ltr\" role=\"presentation\">Indsigt og klager<\/span><\/span><\/h2>\n<p><span id=\"page14R_mcid10\" class=\"markedContent\"><span dir=\"ltr\" role=\"presentation\">Du har ret til at f\u00e5 oplyst, hvilke personoplysninger, vi behandler om dig. Du kan desuden til <\/span><span dir=\"ltr\" role=\"presentation\">enhver tid g\u00f8re indsigelse mod, at oplysninger anvendes. Du kan ogs\u00e5 tilbagekalde dit samtykke til, <\/span><span dir=\"ltr\" role=\"presentation\">at der bliver behandlet oplysninger om dig. Hvis de oplysninger, der behandles om dig, er forkerte <\/span><span dir=\"ltr\" role=\"presentation\">har du ret til at de bliver rettet eller slettet. Henvendelse herom kan ske til: info@woodimex.eu. <\/span><span dir=\"ltr\" role=\"presentation\">Hvis du vil klage over vores behandling af dine personoplysninger, har du ogs\u00e5 mulighed for at <\/span><span dir=\"ltr\" role=\"presentation\">tage kontakt til Datatilsynet.<\/span><\/span><\/p>\n<h3>Dette website ejes og publiceres af:<\/h3>\n<div class=\"textLayer\">\n<div class=\"canvasWrapper\">Woodimex GmbH<\/div>\n<p><span id=\"page16R_mcid2\" class=\"markedContent\"><span dir=\"ltr\" role=\"presentation\">c\/o Kontier-Service Schleswig-Holstein<\/span><\/span><span id=\"page16R_mcid3\" class=\"markedContent\"><br role=\"presentation\" \/><span dir=\"ltr\" role=\"presentation\">Feldstra\u00dfe 10<\/span><\/span><span id=\"page16R_mcid4\" class=\"markedContent\"><br role=\"presentation\" \/><span dir=\"ltr\" role=\"presentation\">D-24983 Handewitt<\/span><\/span><span id=\"page16R_mcid5\" class=\"markedContent\"><br role=\"presentation\" \/><span dir=\"ltr\" role=\"presentation\">Steuer-Nr. 1529000937<\/span> <span dir=\"ltr\" role=\"presentation\">Ust ID-Nr. DE814946035<\/span> <span dir=\"ltr\" role=\"presentation\">HRB: 6859 FL<\/span><\/span><span id=\"page16R_mcid6\" class=\"markedContent\"><br role=\"presentation\" \/><span dir=\"ltr\" role=\"presentation\">Registergericht: Flensburg<\/span><\/span><span id=\"page16R_mcid7\" class=\"markedContent\"><br role=\"presentation\" \/><span dir=\"ltr\" role=\"presentation\">www.woodimex.eu<\/span><\/span><\/p>\n<\/div>\n","protected":false},"excerpt":{"rendered":"<p>PRIVATLIVSPOLITIK N\u00e5r du bes\u00f8ger vores website indsamles der oplysninger om dig, som bruges til at tilpasse og forbedre vores indhold og til at \u00f8ge v\u00e6rdien af de annoncer, der vises p\u00e5 siden. Hvis du ikke \u00f8nsker, at der indsamles oplysninger, b\u00f8r du slette dine cookies og undlade videre brug af websitet. Form\u00e5l Oplysningerne bruges til [&hellip;]<\/p>\n","protected":false},"author":1,"featured_media":0,"parent":0,"menu_order":0,"comment_status":"closed","ping_status":"closed","template":"","meta":{"cybocfi_hide_featured_image":""},"translation":{"provider":"WPGlobus","version":"2.10.2","language":"da","enabled_languages":["de","da"],"languages":{"de":{"title":true,"content":true,"excerpt":false},"da":{"title":true,"content":true,"excerpt":false}}},"yoast_head":"<!-- This site is optimized with the Yoast SEO plugin v19.4 - https:\/\/yoast.com\/wordpress\/plugins\/seo\/ -->\n<title>Privatlivspolitik - Woodimex GmbH<\/title>\n<meta name=\"robots\" content=\"index, follow, max-snippet:-1, max-image-preview:large, max-video-preview:-1\" \/>\n<link rel=\"canonical\" href=\"http:\/\/woodimex.eu\/datenschutzerklaerung\/\" \/>\n<meta property=\"og:locale\" content=\"da_DK\" \/>\n<meta property=\"og:type\" content=\"article\" \/>\n<meta property=\"og:title\" content=\"Privatlivspolitik - Woodimex GmbH\" \/>\n<meta property=\"og:url\" content=\"http:\/\/woodimex.eu\/datenschutzerklaerung\/\" \/>\n<meta property=\"og:site_name\" content=\"Woodimex GmbH\" \/>\n<meta property=\"article:modified_time\" content=\"2022-06-16T16:43:56+00:00\" \/>\n<meta name=\"twitter:card\" content=\"summary_large_image\" \/>\n<meta name=\"twitter:label1\" content=\"Est. reading time\" \/>\n\t<meta name=\"twitter:data1\" content=\"4 minutes\" \/>\n<script type=\"application\/ld+json\" class=\"yoast-schema-graph\">{\"@context\":\"https:\/\/schema.org\",\"@graph\":[{\"@type\":\"Organization\",\"@id\":\"http:\/\/woodimex.eu\/#organization\",\"name\":\"Woodimex GmbH\",\"url\":\"http:\/\/woodimex.eu\/\",\"sameAs\":[],\"logo\":{\"@type\":\"ImageObject\",\"inLanguage\":\"da-DK\",\"@id\":\"http:\/\/woodimex.eu\/#\/schema\/logo\/image\/\",\"url\":\"https:\/\/woodimex.eu\/wp-content\/uploads\/2021\/07\/Logo-Woodimex-einfach.png\",\"contentUrl\":\"https:\/\/woodimex.eu\/wp-content\/uploads\/2021\/07\/Logo-Woodimex-einfach.png\",\"width\":672,\"height\":327,\"caption\":\"Woodimex GmbH\"},\"image\":{\"@id\":\"http:\/\/woodimex.eu\/#\/schema\/logo\/image\/\"}},{\"@type\":\"WebSite\",\"@id\":\"http:\/\/woodimex.eu\/#website\",\"url\":\"http:\/\/woodimex.eu\/\",\"name\":\"Woodimex GmbH\",\"description\":\"Fremtidens urner\",\"publisher\":{\"@id\":\"http:\/\/woodimex.eu\/#organization\"},\"potentialAction\":[{\"@type\":\"SearchAction\",\"target\":{\"@type\":\"EntryPoint\",\"urlTemplate\":\"http:\/\/woodimex.eu\/?s={search_term_string}\"},\"query-input\":\"required name=search_term_string\"}],\"inLanguage\":\"da-DK\"},{\"@type\":\"WebPage\",\"@id\":\"http:\/\/woodimex.eu\/datenschutzerklaerung\/\",\"url\":\"http:\/\/woodimex.eu\/datenschutzerklaerung\/\",\"name\":\"Privatlivspolitik - Woodimex GmbH\",\"isPartOf\":{\"@id\":\"http:\/\/woodimex.eu\/#website\"},\"datePublished\":\"2021-07-24T08:51:08+00:00\",\"dateModified\":\"2022-06-16T16:43:56+00:00\",\"breadcrumb\":{\"@id\":\"http:\/\/woodimex.eu\/datenschutzerklaerung\/#breadcrumb\"},\"inLanguage\":\"da-DK\",\"potentialAction\":[{\"@type\":\"ReadAction\",\"target\":[\"http:\/\/woodimex.eu\/datenschutzerklaerung\/\"]}]},{\"@type\":\"BreadcrumbList\",\"@id\":\"http:\/\/woodimex.eu\/datenschutzerklaerung\/#breadcrumb\",\"itemListElement\":[{\"@type\":\"ListItem\",\"position\":1,\"name\":\"Startseite\",\"item\":\"http:\/\/woodimex.eu\/\"},{\"@type\":\"ListItem\",\"position\":2,\"name\":\"Datenschutzerkl\u00e4rung\"}]}]}<\/script>\n<!-- \/ Yoast SEO plugin. -->","yoast_head_json":{"title":"Privatlivspolitik - Woodimex GmbH","robots":{"index":"index","follow":"follow","max-snippet":"max-snippet:-1","max-image-preview":"max-image-preview:large","max-video-preview":"max-video-preview:-1"},"canonical":"http:\/\/woodimex.eu\/datenschutzerklaerung\/","og_locale":"da_DK","og_type":"article","og_title":"Privatlivspolitik - Woodimex GmbH","og_url":"http:\/\/woodimex.eu\/datenschutzerklaerung\/","og_site_name":"Woodimex GmbH","article_modified_time":"2022-06-16T16:43:56+00:00","twitter_card":"summary_large_image","twitter_misc":{"Est. reading time":"4 minutes"},"schema":{"@context":"https:\/\/schema.org","@graph":[{"@type":"Organization","@id":"http:\/\/woodimex.eu\/#organization","name":"Woodimex GmbH","url":"http:\/\/woodimex.eu\/","sameAs":[],"logo":{"@type":"ImageObject","inLanguage":"da-DK","@id":"http:\/\/woodimex.eu\/#\/schema\/logo\/image\/","url":"https:\/\/woodimex.eu\/wp-content\/uploads\/2021\/07\/Logo-Woodimex-einfach.png","contentUrl":"https:\/\/woodimex.eu\/wp-content\/uploads\/2021\/07\/Logo-Woodimex-einfach.png","width":672,"height":327,"caption":"Woodimex GmbH"},"image":{"@id":"http:\/\/woodimex.eu\/#\/schema\/logo\/image\/"}},{"@type":"WebSite","@id":"http:\/\/woodimex.eu\/#website","url":"http:\/\/woodimex.eu\/","name":"Woodimex GmbH","description":"Fremtidens urner","publisher":{"@id":"http:\/\/woodimex.eu\/#organization"},"potentialAction":[{"@type":"SearchAction","target":{"@type":"EntryPoint","urlTemplate":"http:\/\/woodimex.eu\/?s={search_term_string}"},"query-input":"required name=search_term_string"}],"inLanguage":"da-DK"},{"@type":"WebPage","@id":"http:\/\/woodimex.eu\/datenschutzerklaerung\/","url":"http:\/\/woodimex.eu\/datenschutzerklaerung\/","name":"Privatlivspolitik - Woodimex GmbH","isPartOf":{"@id":"http:\/\/woodimex.eu\/#website"},"datePublished":"2021-07-24T08:51:08+00:00","dateModified":"2022-06-16T16:43:56+00:00","breadcrumb":{"@id":"http:\/\/woodimex.eu\/datenschutzerklaerung\/#breadcrumb"},"inLanguage":"da-DK","potentialAction":[{"@type":"ReadAction","target":["http:\/\/woodimex.eu\/datenschutzerklaerung\/"]}]},{"@type":"BreadcrumbList","@id":"http:\/\/woodimex.eu\/datenschutzerklaerung\/#breadcrumb","itemListElement":[{"@type":"ListItem","position":1,"name":"Startseite","item":"http:\/\/woodimex.eu\/"},{"@type":"ListItem","position":2,"name":"Datenschutzerkl\u00e4rung"}]}]}},"_links":{"self":[{"href":"http:\/\/woodimex.eu\/da\/wp-json\/wp\/v2\/pages\/31"}],"collection":[{"href":"http:\/\/woodimex.eu\/da\/wp-json\/wp\/v2\/pages"}],"about":[{"href":"http:\/\/woodimex.eu\/da\/wp-json\/wp\/v2\/types\/page"}],"author":[{"embeddable":true,"href":"http:\/\/woodimex.eu\/da\/wp-json\/wp\/v2\/users\/1"}],"replies":[{"embeddable":true,"href":"http:\/\/woodimex.eu\/da\/wp-json\/wp\/v2\/comments?post=31"}],"version-history":[{"count":16,"href":"http:\/\/woodimex.eu\/da\/wp-json\/wp\/v2\/pages\/31\/revisions"}],"predecessor-version":[{"id":979,"href":"http:\/\/woodimex.eu\/da\/wp-json\/wp\/v2\/pages\/31\/revisions\/979"}],"wp:attachment":[{"href":"http:\/\/woodimex.eu\/da\/wp-json\/wp\/v2\/media?parent=31"}],"curies":[{"name":"wp","href":"https:\/\/api.w.org\/{rel}","templated":true}]}}