{"id":2,"date":"2016-09-09T10:24:21","date_gmt":"2016-09-09T08:24:21","guid":{"rendered":"http:\/\/52157055.de.strato-hosting.eu\/woodimex-neu-2016\/?page_id=2"},"modified":"2022-06-20T22:10:31","modified_gmt":"2022-06-20T20:10:31","slug":"willkommen","status":"publish","type":"page","link":"https:\/\/woodimex.eu\/da\/","title":{"rendered":"Velkommen"},"content":{"rendered":"<p>Woodimex GmbH har i mange \u00e5r tilbudt grossister og bedem\u00e6nd i Tyskland, \u00d8strig, Schweiz og Syddanmark et stort udvalg af biologisk nedbrydelige urner.<\/p>\n<p>&#8220;Flora&#8221;- bambus urnerne er beskyttede modeller \u00ae fra Woodimex GmbH.<\/p>\n<p>Se det store udvalg af bambus- og naturfiber urner i menuen og find de urner der passer til dine behov og \u00f8nsker.<\/p>\n<p>Kontakt: <a href=\"mailto:info@woodimex.eu\">info@woodimex.eu<\/a> eller ved\u00a0 brug af\u00a0 <a href=\"http:\/\/woodimex.eu\/kontaktformular\/\">kontaktformular<\/a>.<\/p>\n<p>\u2800<\/p>\n<h2><a href=\"https:\/\/woodimex.eu\/da\/category\/urnen\/bambus\/\">Vores bambus urner \u201cFlora\u201d:<\/a><\/h2>\n<p><a href=\"https:\/\/woodimex.eu\/da\/category\/urnen\/bambus\/\"><img loading=\"lazy\" class=\"alignnone wp-image-560 size-full\" src=\"http:\/\/woodimex.eu\/wp-content\/uploads\/2022\/05\/Urnen-natur-2.jpg\" alt=\"\" width=\"1200\" height=\"313\" srcset=\"https:\/\/woodimex.eu\/wp-content\/uploads\/2022\/05\/Urnen-natur-2.jpg 1200w, https:\/\/woodimex.eu\/wp-content\/uploads\/2022\/05\/Urnen-natur-2-300x78.jpg 300w, https:\/\/woodimex.eu\/wp-content\/uploads\/2022\/05\/Urnen-natur-2-1024x267.jpg 1024w, https:\/\/woodimex.eu\/wp-content\/uploads\/2022\/05\/Urnen-natur-2-768x200.jpg 768w\" sizes=\"(max-width: 1200px) 100vw, 1200px\" \/><\/a><\/p>\n<p>\u2800<\/p>\n<h2><a href=\"https:\/\/woodimex.eu\/da\/category\/urnen\/natur-faser\/\">Vores naturfiber urner:<\/a><\/h2>\n<p><a href=\"https:\/\/woodimex.eu\/da\/category\/urnen\/natur-faser\/\"><img loading=\"lazy\" class=\"alignnone wp-image-587 size-full\" src=\"http:\/\/woodimex.eu\/wp-content\/uploads\/2022\/05\/Urnen-matt-2.jpg\" alt=\"\" width=\"1200\" height=\"313\" srcset=\"https:\/\/woodimex.eu\/wp-content\/uploads\/2022\/05\/Urnen-matt-2.jpg 1200w, https:\/\/woodimex.eu\/wp-content\/uploads\/2022\/05\/Urnen-matt-2-300x78.jpg 300w, https:\/\/woodimex.eu\/wp-content\/uploads\/2022\/05\/Urnen-matt-2-1024x267.jpg 1024w, https:\/\/woodimex.eu\/wp-content\/uploads\/2022\/05\/Urnen-matt-2-768x200.jpg 768w\" sizes=\"(max-width: 1200px) 100vw, 1200px\" \/><\/a><\/p>\n<p>&nbsp;<\/p>\n<p>\u2800<\/p>\n<p><img loading=\"lazy\" class=\"alignleft wp-image-1009\" src=\"http:\/\/woodimex.eu\/wp-content\/uploads\/2022\/06\/D29S-Flora-Urne-Natur-fuer-Startseite-1-214x300.jpg\" alt=\"\" width=\"350\" height=\"491\" srcset=\"https:\/\/woodimex.eu\/wp-content\/uploads\/2022\/06\/D29S-Flora-Urne-Natur-fuer-Startseite-1-214x300.jpg 214w, https:\/\/woodimex.eu\/wp-content\/uploads\/2022\/06\/D29S-Flora-Urne-Natur-fuer-Startseite-1-729x1024.jpg 729w, https:\/\/woodimex.eu\/wp-content\/uploads\/2022\/06\/D29S-Flora-Urne-Natur-fuer-Startseite-1.jpg 762w\" sizes=\"(max-width: 350px) 100vw, 350px\" \/><\/p>\n<p>&nbsp;<\/p>\n<p>&nbsp;<\/p>\n<p>&nbsp;<\/p>\n<p>&nbsp;<\/p>\n<p>&nbsp;<\/p>\n<p>&nbsp;<\/p>\n<p>&nbsp;<\/p>\n<p>Urne D29S i naturlig bambus er lavet til de lande der ikke bruger en askekapsel.<br \/>\nDerfor leverer vi denne urne i en \u00f8kologisk askepose.<\/p>\n<p>Alle andre Flora bambus urner samt vores naturfiber urner giver plads til en<br \/>\naskekapsel, men leveres ogs\u00e5 i en \u00f8kologisk askepose.<img loading=\"lazy\" class=\"alignright wp-image-1013 size-medium\" src=\"http:\/\/woodimex.eu\/wp-content\/uploads\/2022\/06\/D28-Flora-Urne-mit-Aschekapsel-hoch-fuer-Startseite-2-DK-249x300.jpg\" alt=\"\" width=\"249\" height=\"300\" srcset=\"https:\/\/woodimex.eu\/wp-content\/uploads\/2022\/06\/D28-Flora-Urne-mit-Aschekapsel-hoch-fuer-Startseite-2-DK-249x300.jpg 249w, https:\/\/woodimex.eu\/wp-content\/uploads\/2022\/06\/D28-Flora-Urne-mit-Aschekapsel-hoch-fuer-Startseite-2-DK-768x924.jpg 768w, https:\/\/woodimex.eu\/wp-content\/uploads\/2022\/06\/D28-Flora-Urne-mit-Aschekapsel-hoch-fuer-Startseite-2-DK.jpg 798w\" sizes=\"(max-width: 249px) 100vw, 249px\" \/><\/p>\n","protected":false},"excerpt":{"rendered":"<p>Woodimex GmbH har i mange \u00e5r tilbudt grossister og bedem\u00e6nd i Tyskland, \u00d8strig, Schweiz og Syddanmark et stort udvalg af biologisk nedbrydelige urner. &#8220;Flora&#8221;- bambus urnerne er beskyttede modeller \u00ae fra Woodimex GmbH. Se det store udvalg af bambus- og naturfiber urner i menuen og find de urner der passer til dine behov og \u00f8nsker. [&hellip;]<\/p>\n","protected":false},"author":1,"featured_media":0,"parent":0,"menu_order":0,"comment_status":"closed","ping_status":"closed","template":"","meta":{"cybocfi_hide_featured_image":""},"translation":{"provider":"WPGlobus","version":"2.10.2","language":"da","enabled_languages":["de","da"],"languages":{"de":{"title":true,"content":true,"excerpt":false},"da":{"title":true,"content":true,"excerpt":false}}},"yoast_head":"<!-- This site is optimized with the Yoast SEO plugin v19.4 - https:\/\/yoast.com\/wordpress\/plugins\/seo\/ -->\n<title>Velkommen - Woodimex GmbH<\/title>\n<meta name=\"robots\" content=\"index, follow, max-snippet:-1, max-image-preview:large, max-video-preview:-1\" \/>\n<link rel=\"canonical\" href=\"http:\/\/woodimex.eu\/\" \/>\n<meta property=\"og:locale\" content=\"da_DK\" \/>\n<meta property=\"og:type\" content=\"article\" \/>\n<meta property=\"og:title\" content=\"Velkommen - Woodimex GmbH\" \/>\n<meta property=\"og:url\" content=\"http:\/\/woodimex.eu\/\" \/>\n<meta property=\"og:site_name\" content=\"Woodimex GmbH\" \/>\n<meta property=\"article:modified_time\" content=\"2022-06-20T20:10:31+00:00\" \/>\n<meta property=\"og:image\" content=\"http:\/\/woodimex.eu\/wp-content\/uploads\/2022\/05\/Urnen-natur-2.jpg\" \/>\n<meta name=\"twitter:card\" content=\"summary_large_image\" \/>\n<meta name=\"twitter:label1\" content=\"Est. reading time\" \/>\n\t<meta name=\"twitter:data1\" content=\"2 minutes\" \/>\n<script type=\"application\/ld+json\" class=\"yoast-schema-graph\">{\"@context\":\"https:\/\/schema.org\",\"@graph\":[{\"@type\":\"Organization\",\"@id\":\"http:\/\/woodimex.eu\/#organization\",\"name\":\"Woodimex GmbH\",\"url\":\"http:\/\/woodimex.eu\/\",\"sameAs\":[],\"logo\":{\"@type\":\"ImageObject\",\"inLanguage\":\"da-DK\",\"@id\":\"http:\/\/woodimex.eu\/#\/schema\/logo\/image\/\",\"url\":\"https:\/\/woodimex.eu\/wp-content\/uploads\/2021\/07\/Logo-Woodimex-einfach.png\",\"contentUrl\":\"https:\/\/woodimex.eu\/wp-content\/uploads\/2021\/07\/Logo-Woodimex-einfach.png\",\"width\":672,\"height\":327,\"caption\":\"Woodimex GmbH\"},\"image\":{\"@id\":\"http:\/\/woodimex.eu\/#\/schema\/logo\/image\/\"}},{\"@type\":\"WebSite\",\"@id\":\"http:\/\/woodimex.eu\/#website\",\"url\":\"http:\/\/woodimex.eu\/\",\"name\":\"Woodimex GmbH\",\"description\":\"Fremtidens urner\",\"publisher\":{\"@id\":\"http:\/\/woodimex.eu\/#organization\"},\"potentialAction\":[{\"@type\":\"SearchAction\",\"target\":{\"@type\":\"EntryPoint\",\"urlTemplate\":\"http:\/\/woodimex.eu\/?s={search_term_string}\"},\"query-input\":\"required name=search_term_string\"}],\"inLanguage\":\"da-DK\"},{\"@type\":\"WebPage\",\"@id\":\"http:\/\/woodimex.eu\/\",\"url\":\"http:\/\/woodimex.eu\/\",\"name\":\"Velkommen - Woodimex GmbH\",\"isPartOf\":{\"@id\":\"http:\/\/woodimex.eu\/#website\"},\"datePublished\":\"2016-09-09T08:24:21+00:00\",\"dateModified\":\"2022-06-20T20:10:31+00:00\",\"breadcrumb\":{\"@id\":\"http:\/\/woodimex.eu\/#breadcrumb\"},\"inLanguage\":\"da-DK\",\"potentialAction\":[{\"@type\":\"ReadAction\",\"target\":[\"http:\/\/woodimex.eu\/\"]}]},{\"@type\":\"BreadcrumbList\",\"@id\":\"http:\/\/woodimex.eu\/#breadcrumb\",\"itemListElement\":[{\"@type\":\"ListItem\",\"position\":1,\"name\":\"Startseite\",\"item\":\"http:\/\/woodimex.eu\/\"},{\"@type\":\"ListItem\",\"position\":2,\"name\":\"Willkommen\"}]}]}<\/script>\n<!-- \/ Yoast SEO plugin. -->","yoast_head_json":{"title":"Velkommen - Woodimex GmbH","robots":{"index":"index","follow":"follow","max-snippet":"max-snippet:-1","max-image-preview":"max-image-preview:large","max-video-preview":"max-video-preview:-1"},"canonical":"http:\/\/woodimex.eu\/","og_locale":"da_DK","og_type":"article","og_title":"Velkommen - Woodimex GmbH","og_url":"http:\/\/woodimex.eu\/","og_site_name":"Woodimex GmbH","article_modified_time":"2022-06-20T20:10:31+00:00","og_image":[{"url":"http:\/\/woodimex.eu\/wp-content\/uploads\/2022\/05\/Urnen-natur-2.jpg"}],"twitter_card":"summary_large_image","twitter_misc":{"Est. reading time":"2 minutes"},"schema":{"@context":"https:\/\/schema.org","@graph":[{"@type":"Organization","@id":"http:\/\/woodimex.eu\/#organization","name":"Woodimex GmbH","url":"http:\/\/woodimex.eu\/","sameAs":[],"logo":{"@type":"ImageObject","inLanguage":"da-DK","@id":"http:\/\/woodimex.eu\/#\/schema\/logo\/image\/","url":"https:\/\/woodimex.eu\/wp-content\/uploads\/2021\/07\/Logo-Woodimex-einfach.png","contentUrl":"https:\/\/woodimex.eu\/wp-content\/uploads\/2021\/07\/Logo-Woodimex-einfach.png","width":672,"height":327,"caption":"Woodimex GmbH"},"image":{"@id":"http:\/\/woodimex.eu\/#\/schema\/logo\/image\/"}},{"@type":"WebSite","@id":"http:\/\/woodimex.eu\/#website","url":"http:\/\/woodimex.eu\/","name":"Woodimex GmbH","description":"Fremtidens urner","publisher":{"@id":"http:\/\/woodimex.eu\/#organization"},"potentialAction":[{"@type":"SearchAction","target":{"@type":"EntryPoint","urlTemplate":"http:\/\/woodimex.eu\/?s={search_term_string}"},"query-input":"required name=search_term_string"}],"inLanguage":"da-DK"},{"@type":"WebPage","@id":"http:\/\/woodimex.eu\/","url":"http:\/\/woodimex.eu\/","name":"Velkommen - Woodimex GmbH","isPartOf":{"@id":"http:\/\/woodimex.eu\/#website"},"datePublished":"2016-09-09T08:24:21+00:00","dateModified":"2022-06-20T20:10:31+00:00","breadcrumb":{"@id":"http:\/\/woodimex.eu\/#breadcrumb"},"inLanguage":"da-DK","potentialAction":[{"@type":"ReadAction","target":["http:\/\/woodimex.eu\/"]}]},{"@type":"BreadcrumbList","@id":"http:\/\/woodimex.eu\/#breadcrumb","itemListElement":[{"@type":"ListItem","position":1,"name":"Startseite","item":"http:\/\/woodimex.eu\/"},{"@type":"ListItem","position":2,"name":"Willkommen"}]}]}},"_links":{"self":[{"href":"https:\/\/woodimex.eu\/da\/wp-json\/wp\/v2\/pages\/2"}],"collection":[{"href":"https:\/\/woodimex.eu\/da\/wp-json\/wp\/v2\/pages"}],"about":[{"href":"https:\/\/woodimex.eu\/da\/wp-json\/wp\/v2\/types\/page"}],"author":[{"embeddable":true,"href":"https:\/\/woodimex.eu\/da\/wp-json\/wp\/v2\/users\/1"}],"replies":[{"embeddable":true,"href":"https:\/\/woodimex.eu\/da\/wp-json\/wp\/v2\/comments?post=2"}],"version-history":[{"count":117,"href":"https:\/\/woodimex.eu\/da\/wp-json\/wp\/v2\/pages\/2\/revisions"}],"predecessor-version":[{"id":1019,"href":"https:\/\/woodimex.eu\/da\/wp-json\/wp\/v2\/pages\/2\/revisions\/1019"}],"wp:attachment":[{"href":"https:\/\/woodimex.eu\/da\/wp-json\/wp\/v2\/media?parent=2"}],"curies":[{"name":"wp","href":"https:\/\/api.w.org\/{rel}","templated":true}]}}