{"id":8,"date":"2016-09-09T10:41:25","date_gmt":"2016-09-09T08:41:25","guid":{"rendered":"http:\/\/52157055.de.strato-hosting.eu\/woodimex-neu-2016\/?page_id=8"},"modified":"2022-06-22T11:02:14","modified_gmt":"2022-06-22T09:02:14","slug":"impressum","status":"publish","type":"page","link":"https:\/\/woodimex.eu\/da\/impressum\/","title":{"rendered":"Om os &#8211; Databeskyttelse"},"content":{"rendered":"<h1>Om os<\/h1>\n<h3>Woodimex GmbH<\/h3>\n<p>c\/o Kontier-Service Schleswig-Holstein<br \/>\nFeldstra\u00dfe 10<br \/>\nD-24983 Handewitt<\/p>\n<h4>Salg &amp; Logistik EU<\/h4>\n<p>E-Mail: info@woodimex.eu<br \/>\nWebside: www.woodimex.eu<br \/>\nMobil: 20 37 10 31<br \/>\nUst ID-Nr. DE814946035<br \/>\nRegisternummer: Amtsgericht Flensburg HRB 6859 FL<\/p>\n<p>Woodimex GmbH har fokus p\u00e5 b\u00e6redygtighed og har i mange \u00e5r tilbudt 100 % biologisk nedbrydelige Bambus Urner og Naturfiber Urner<br \/>\ni bedste kvalitet til grossister og bedem\u00e6nd i Tyskland, \u00d8strig, Schweiz og Syddanmark.<\/p>\n<p>Vi l\u00e6gger v\u00e6gt p\u00e5 god kundeservice, hurtig levering og ikke mindst konkurrencedygtige priser.<\/p>\n<p>Har du sp\u00f8rgsm\u00e5l til vores urner er du velkommen til at sende en E-mail eller udfylde vores kontaktformular med din henvendelse.<\/p>\n<h1><a href=\"http:\/\/woodimex.eu\/da\/datenschutzerklaerung\/\">Privatlivspolitik<\/a><\/h1>\n","protected":false},"excerpt":{"rendered":"<p>Om os Woodimex GmbH c\/o Kontier-Service Schleswig-Holstein Feldstra\u00dfe 10 D-24983 Handewitt Salg &amp; Logistik EU E-Mail: info@woodimex.eu Webside: www.woodimex.eu Mobil: 20 37 10 31 Ust ID-Nr. DE814946035 Registernummer: Amtsgericht Flensburg HRB 6859 FL Woodimex GmbH har fokus p\u00e5 b\u00e6redygtighed og har i mange \u00e5r tilbudt 100 % biologisk nedbrydelige Bambus Urner og Naturfiber Urner i [&hellip;]<\/p>\n","protected":false},"author":1,"featured_media":0,"parent":0,"menu_order":0,"comment_status":"closed","ping_status":"closed","template":"","meta":{"cybocfi_hide_featured_image":""},"translation":{"provider":"WPGlobus","version":"2.10.2","language":"da","enabled_languages":["de","da"],"languages":{"de":{"title":true,"content":true,"excerpt":false},"da":{"title":true,"content":true,"excerpt":false}}},"yoast_head":"<!-- This site is optimized with the Yoast SEO plugin v19.4 - https:\/\/yoast.com\/wordpress\/plugins\/seo\/ -->\n<title>Om os - Databeskyttelse - Woodimex GmbH<\/title>\n<meta name=\"robots\" content=\"index, follow, max-snippet:-1, max-image-preview:large, max-video-preview:-1\" \/>\n<link rel=\"canonical\" href=\"https:\/\/woodimex.eu\/da\/impressum\/\" \/>\n<meta property=\"og:locale\" content=\"da_DK\" \/>\n<meta property=\"og:type\" content=\"article\" \/>\n<meta property=\"og:title\" content=\"Om os - Databeskyttelse - Woodimex GmbH\" \/>\n<meta property=\"og:url\" content=\"https:\/\/woodimex.eu\/da\/impressum\/\" \/>\n<meta property=\"og:site_name\" content=\"Woodimex GmbH\" \/>\n<meta property=\"article:modified_time\" content=\"2022-06-22T09:02:14+00:00\" \/>\n<meta name=\"twitter:card\" content=\"summary_large_image\" \/>\n<meta name=\"twitter:label1\" content=\"Est. reading time\" \/>\n\t<meta name=\"twitter:data1\" content=\"1 minute\" \/>\n<script type=\"application\/ld+json\" class=\"yoast-schema-graph\">{\"@context\":\"https:\/\/schema.org\",\"@graph\":[{\"@type\":\"Organization\",\"@id\":\"http:\/\/woodimex.eu\/#organization\",\"name\":\"Woodimex GmbH\",\"url\":\"http:\/\/woodimex.eu\/\",\"sameAs\":[],\"logo\":{\"@type\":\"ImageObject\",\"inLanguage\":\"da-DK\",\"@id\":\"http:\/\/woodimex.eu\/#\/schema\/logo\/image\/\",\"url\":\"https:\/\/woodimex.eu\/wp-content\/uploads\/2021\/07\/Logo-Woodimex-einfach.png\",\"contentUrl\":\"https:\/\/woodimex.eu\/wp-content\/uploads\/2021\/07\/Logo-Woodimex-einfach.png\",\"width\":672,\"height\":327,\"caption\":\"Woodimex GmbH\"},\"image\":{\"@id\":\"http:\/\/woodimex.eu\/#\/schema\/logo\/image\/\"}},{\"@type\":\"WebSite\",\"@id\":\"http:\/\/woodimex.eu\/#website\",\"url\":\"http:\/\/woodimex.eu\/\",\"name\":\"Woodimex GmbH\",\"description\":\"Fremtidens urner\",\"publisher\":{\"@id\":\"http:\/\/woodimex.eu\/#organization\"},\"potentialAction\":[{\"@type\":\"SearchAction\",\"target\":{\"@type\":\"EntryPoint\",\"urlTemplate\":\"http:\/\/woodimex.eu\/?s={search_term_string}\"},\"query-input\":\"required name=search_term_string\"}],\"inLanguage\":\"da-DK\"},{\"@type\":\"WebPage\",\"@id\":\"https:\/\/woodimex.eu\/da\/impressum\/\",\"url\":\"https:\/\/woodimex.eu\/da\/impressum\/\",\"name\":\"Om os - Databeskyttelse - Woodimex GmbH\",\"isPartOf\":{\"@id\":\"http:\/\/woodimex.eu\/#website\"},\"datePublished\":\"2016-09-09T08:41:25+00:00\",\"dateModified\":\"2022-06-22T09:02:14+00:00\",\"breadcrumb\":{\"@id\":\"https:\/\/woodimex.eu\/da\/impressum\/#breadcrumb\"},\"inLanguage\":\"da-DK\",\"potentialAction\":[{\"@type\":\"ReadAction\",\"target\":[\"https:\/\/woodimex.eu\/da\/impressum\/\"]}]},{\"@type\":\"BreadcrumbList\",\"@id\":\"https:\/\/woodimex.eu\/da\/impressum\/#breadcrumb\",\"itemListElement\":[{\"@type\":\"ListItem\",\"position\":1,\"name\":\"Startseite\",\"item\":\"http:\/\/woodimex.eu\/\"},{\"@type\":\"ListItem\",\"position\":2,\"name\":\"Om os &#8211; Databeskyttelse\"}]}]}<\/script>\n<!-- \/ Yoast SEO plugin. -->","yoast_head_json":{"title":"Om os - Databeskyttelse - Woodimex GmbH","robots":{"index":"index","follow":"follow","max-snippet":"max-snippet:-1","max-image-preview":"max-image-preview:large","max-video-preview":"max-video-preview:-1"},"canonical":"https:\/\/woodimex.eu\/da\/impressum\/","og_locale":"da_DK","og_type":"article","og_title":"Om os - Databeskyttelse - Woodimex GmbH","og_url":"https:\/\/woodimex.eu\/da\/impressum\/","og_site_name":"Woodimex GmbH","article_modified_time":"2022-06-22T09:02:14+00:00","twitter_card":"summary_large_image","twitter_misc":{"Est. reading time":"1 minute"},"schema":{"@context":"https:\/\/schema.org","@graph":[{"@type":"Organization","@id":"http:\/\/woodimex.eu\/#organization","name":"Woodimex GmbH","url":"http:\/\/woodimex.eu\/","sameAs":[],"logo":{"@type":"ImageObject","inLanguage":"da-DK","@id":"http:\/\/woodimex.eu\/#\/schema\/logo\/image\/","url":"https:\/\/woodimex.eu\/wp-content\/uploads\/2021\/07\/Logo-Woodimex-einfach.png","contentUrl":"https:\/\/woodimex.eu\/wp-content\/uploads\/2021\/07\/Logo-Woodimex-einfach.png","width":672,"height":327,"caption":"Woodimex GmbH"},"image":{"@id":"http:\/\/woodimex.eu\/#\/schema\/logo\/image\/"}},{"@type":"WebSite","@id":"http:\/\/woodimex.eu\/#website","url":"http:\/\/woodimex.eu\/","name":"Woodimex GmbH","description":"Fremtidens urner","publisher":{"@id":"http:\/\/woodimex.eu\/#organization"},"potentialAction":[{"@type":"SearchAction","target":{"@type":"EntryPoint","urlTemplate":"http:\/\/woodimex.eu\/?s={search_term_string}"},"query-input":"required name=search_term_string"}],"inLanguage":"da-DK"},{"@type":"WebPage","@id":"https:\/\/woodimex.eu\/da\/impressum\/","url":"https:\/\/woodimex.eu\/da\/impressum\/","name":"Om os - Databeskyttelse - Woodimex GmbH","isPartOf":{"@id":"http:\/\/woodimex.eu\/#website"},"datePublished":"2016-09-09T08:41:25+00:00","dateModified":"2022-06-22T09:02:14+00:00","breadcrumb":{"@id":"https:\/\/woodimex.eu\/da\/impressum\/#breadcrumb"},"inLanguage":"da-DK","potentialAction":[{"@type":"ReadAction","target":["https:\/\/woodimex.eu\/da\/impressum\/"]}]},{"@type":"BreadcrumbList","@id":"https:\/\/woodimex.eu\/da\/impressum\/#breadcrumb","itemListElement":[{"@type":"ListItem","position":1,"name":"Startseite","item":"http:\/\/woodimex.eu\/"},{"@type":"ListItem","position":2,"name":"Om os &#8211; Databeskyttelse"}]}]}},"_links":{"self":[{"href":"https:\/\/woodimex.eu\/da\/wp-json\/wp\/v2\/pages\/8"}],"collection":[{"href":"https:\/\/woodimex.eu\/da\/wp-json\/wp\/v2\/pages"}],"about":[{"href":"https:\/\/woodimex.eu\/da\/wp-json\/wp\/v2\/types\/page"}],"author":[{"embeddable":true,"href":"https:\/\/woodimex.eu\/da\/wp-json\/wp\/v2\/users\/1"}],"replies":[{"embeddable":true,"href":"https:\/\/woodimex.eu\/da\/wp-json\/wp\/v2\/comments?post=8"}],"version-history":[{"count":38,"href":"https:\/\/woodimex.eu\/da\/wp-json\/wp\/v2\/pages\/8\/revisions"}],"predecessor-version":[{"id":1021,"href":"https:\/\/woodimex.eu\/da\/wp-json\/wp\/v2\/pages\/8\/revisions\/1021"}],"wp:attachment":[{"href":"https:\/\/woodimex.eu\/da\/wp-json\/wp\/v2\/media?parent=8"}],"curies":[{"name":"wp","href":"https:\/\/api.w.org\/{rel}","templated":true}]}}